{"id":2318,"date":"2025-07-23T01:59:25","date_gmt":"2025-07-23T01:59:25","guid":{"rendered":"https:\/\/bookforyou.hr\/?page_id=2318"},"modified":"2026-02-17T10:54:41","modified_gmt":"2026-02-17T10:54:41","slug":"company","status":"publish","type":"page","link":"https:\/\/medimoro.eu\/sl\/company\/","title":{"rendered":"company"},"content":{"rendered":"<div data-elementor-type=\"wp-page\" data-elementor-id=\"2318\" class=\"elementor elementor-2318\" data-elementor-post-type=\"page\">\n\t\t\t\t<div class=\"elementor-element elementor-element-5e8d8ad e-flex e-con-boxed e-con e-parent\" data-id=\"5e8d8ad\" data-element_type=\"container\">\n\t\t\t\t\t<div class=\"e-con-inner\">\n\t\t<div class=\"elementor-element elementor-element-37d28ca e-con-full e-flex e-con e-child\" data-id=\"37d28ca\" data-element_type=\"container\">\n\t\t<div class=\"elementor-element elementor-element-d5a60df e-con-full e-flex e-con e-child\" data-id=\"d5a60df\" data-element_type=\"container\">\n\t\t\t\t<div class=\"elementor-element elementor-element-a710f66 elementor-widget elementor-widget-heading\" data-id=\"a710f66\" data-element_type=\"widget\" data-widget_type=\"heading.default\">\n\t\t\t\t\t<h2 class=\"elementor-heading-title elementor-size-default\">Podjetje<\/h2>\t\t\t\t<\/div>\n\t\t\t\t<div class=\"elementor-element elementor-element-ca28a5f elementor-widget elementor-widget-text-editor\" data-id=\"ca28a5f\" data-element_type=\"widget\" data-widget_type=\"text-editor.default\">\n\t\t\t\t\t\t\t\t\t<h6><strong>Ur\u0161a Vidic s.p<br \/><\/strong><\/h6><h6>Volfova ul. 10<\/h6><h6>1230 Dom\u017eale<\/h6><h6>Mati\u010dna \u0161tevilka: 9381805000<\/h6><h6>Dav\u010dna \u0161tevilka: si17463076<\/h6><h6>email: <a href=\"mailto:info@medimoro.eu\">info@medimoro.eu<\/a><\/h6><h6>(v nadaljevanju: \u00bb<strong>dru\u017eba<\/strong>\u00ab)<\/h6><h1>\u00a0<\/h1><h6><strong>Samostojna podjetnica poslovno svetovanje, Ur\u0161a Vidic s.p. je od dne 01. 05. 2023 vpisana pri AJPES \u2013 izpostava Dom\u017eale pod mati\u010dno \u0161tevilko\u00a09381805000 kot samostojna podjetnica.<\/strong><\/h6><h6><strong>Dru\u017eba ni zavezana k pla\u010dilu davka na dodano vrednost (DDV).<\/strong><\/h6>\t\t\t\t\t\t\t\t<\/div>\n\t\t\t\t<\/div>\n\t\t<div class=\"elementor-element elementor-element-68590b8 e-con-full e-flex e-con e-child\" data-id=\"68590b8\" data-element_type=\"container\">\n\t\t\t\t<div class=\"elementor-element elementor-element-c79d4f0 elementor-widget elementor-widget-heading\" data-id=\"c79d4f0\" data-element_type=\"widget\" data-widget_type=\"heading.default\">\n\t\t\t\t\t<h2 class=\"elementor-heading-title elementor-size-default\">Stopi z nami v kontakt<\/h2>\t\t\t\t<\/div>\n\t\t\t\t<div class=\"elementor-element elementor-element-ed4c0c0 elementor-button-align-end elementor-mobile-button-align-stretch elementor-widget elementor-widget-form\" data-id=\"ed4c0c0\" data-element_type=\"widget\" data-settings=\"{&quot;step_next_label&quot;:&quot;Next&quot;,&quot;step_previous_label&quot;:&quot;Previous&quot;,&quot;button_width&quot;:&quot;100&quot;,&quot;step_type&quot;:&quot;number_text&quot;,&quot;step_icon_shape&quot;:&quot;circle&quot;}\" data-widget_type=\"form.default\">\n\t\t\t\t\t\t\t<form class=\"elementor-form\" method=\"post\" name=\"New Form\" aria-label=\"Nova Oblika\" action=\"\">\n\t\t\t<input type=\"hidden\" name=\"post_id\" value=\"2318\"\/>\n\t\t\t<input type=\"hidden\" name=\"form_id\" value=\"ed4c0c0\"\/>\n\t\t\t<input type=\"hidden\" name=\"referer_title\" value=\"company - Medimoro\" \/>\n\n\t\t\t\t\t\t\t<input type=\"hidden\" name=\"queried_id\" value=\"2318\"\/>\n\t\t\t\n\t\t\t<div class=\"elementor-form-fields-wrapper elementor-labels-above\">\n\t\t\t\t\t\t\t\t<div class=\"elementor-field-type-text elementor-field-group elementor-column elementor-field-group-name elementor-col-100\">\n\t\t\t\t\t\t\t\t\t\t\t\t\t<input size=\"1\" type=\"text\" name=\"form_fields[name]\" id=\"form-field-name\" class=\"elementor-field elementor-size-sm  elementor-field-textual\" placeholder=\"IME\">\n\t\t\t\t\t\t\t\t\t\t\t<\/div>\n\t\t\t\t\t\t\t\t<div class=\"elementor-field-type-email elementor-field-group elementor-column elementor-field-group-email elementor-col-100 elementor-field-required\">\n\t\t\t\t\t\t\t\t\t\t\t\t\t<input size=\"1\" type=\"email\" name=\"form_fields[email]\" id=\"form-field-email\" class=\"elementor-field elementor-size-sm  elementor-field-textual\" placeholder=\"E-po\u0161tni naslov \" required=\"required\">\n\t\t\t\t\t\t\t\t\t\t\t<\/div>\n\t\t\t\t\t\t\t\t<div class=\"elementor-field-type-textarea elementor-field-group elementor-column elementor-field-group-message elementor-col-100\">\n\t\t\t\t\t<textarea class=\"elementor-field-textual elementor-field  elementor-size-sm\" name=\"form_fields[message]\" id=\"form-field-message\" rows=\"4\" placeholder=\"sporo\u010dilo\"><\/textarea>\t\t\t\t<\/div>\n\t\t\t\t\t\t\t\t<div class=\"elementor-field-group elementor-column elementor-field-type-submit elementor-col-100 e-form__buttons\">\n\t\t\t\t\t<button class=\"elementor-button elementor-size-lg\" type=\"submit\">\n\t\t\t\t\t\t<span class=\"elementor-button-content-wrapper\">\n\t\t\t\t\t\t\t\t\t\t\t\t\t\t\t<span class=\"elementor-button-icon\">\n\t\t\t\t\t\t\t\t\t<svg aria-hidden=\"true\" class=\"e-font-icon-svg e-fas-angle-right\" viewbox=\"0 0 256 512\" xmlns=\"http:\/\/www.w3.org\/2000\/svg\"><path d=\"M224.3 273l-136 136c-9.4 9.4-24.6 9.4-33.9 0l-22.6-22.6c-9.4-9.4-9.4-24.6 0-33.9l96.4-96.4-96.4-96.4c-9.4-9.4-9.4-24.6 0-33.9L54.3 103c9.4-9.4 24.6-9.4 33.9 0l136 136c9.5 9.4 9.5 24.6.1 34z\"><\/path><\/svg>\t\t\t\t\t\t\t\t\t\t\t\t\t\t\t\t\t<\/span>\n\t\t\t\t\t\t\t\t\t\t\t\t\t\t\t\t\t\t\t\t\t\t<span class=\"elementor-button-text\">\ud83d\udc49 Po\u0161lji sporo\u010dilo<\/span>\n\t\t\t\t\t\t\t\t\t\t\t\t\t<\/span>\n\t\t\t\t\t<\/button>\n\t\t\t\t<\/div>\n\t\t\t<\/div>\n\t\t<input type=\"hidden\" name=\"trp-form-language\" value=\"sl\"\/><\/form>\n\t\t\t\t\t\t<\/div>\n\t\t\t\t<\/div>\n\t\t\t\t<\/div>\n\t\t\t\t\t<\/div>\n\t\t\t\t<\/div>\n\t\t\t\t<\/div>","protected":false},"excerpt":{"rendered":"<p>Podjetje Ur\u0161a Vidic s.p Volfova ul. 10 1230 Dom\u017eale Mati\u010dna \u0161tevilka: 9381805000 Dav\u010dna \u0161tevilka: si17463076 email: info@medimoro.eu (v nadaljevanju: \u00bbdru\u017eba\u00ab) \u00a0 Samostojna podjetnica poslovno svetovanje, Ur\u0161a Vidic s.p. je od dne 01. 05. 2023 vpisana pri AJPES \u2013 izpostava Dom\u017eale pod mati\u010dno \u0161tevilko\u00a09381805000 kot samostojna podjetnica. Dru\u017eba ni zavezana k pla\u010dilu davka na dodano vrednost [&hellip;]<\/p>","protected":false},"author":1,"featured_media":0,"parent":0,"menu_order":0,"comment_status":"closed","ping_status":"closed","template":"elementor_header_footer","meta":{"_themeisle_gutenberg_block_has_review":false,"footnotes":""},"class_list":["post-2318","page","type-page","status-publish","hentry"],"blocksy_meta":[],"_links":{"self":[{"href":"https:\/\/medimoro.eu\/sl\/wp-json\/wp\/v2\/pages\/2318","targetHints":{"allow":["GET"]}}],"collection":[{"href":"https:\/\/medimoro.eu\/sl\/wp-json\/wp\/v2\/pages"}],"about":[{"href":"https:\/\/medimoro.eu\/sl\/wp-json\/wp\/v2\/types\/page"}],"author":[{"embeddable":true,"href":"https:\/\/medimoro.eu\/sl\/wp-json\/wp\/v2\/users\/1"}],"replies":[{"embeddable":true,"href":"https:\/\/medimoro.eu\/sl\/wp-json\/wp\/v2\/comments?post=2318"}],"version-history":[{"count":83,"href":"https:\/\/medimoro.eu\/sl\/wp-json\/wp\/v2\/pages\/2318\/revisions"}],"predecessor-version":[{"id":4123,"href":"https:\/\/medimoro.eu\/sl\/wp-json\/wp\/v2\/pages\/2318\/revisions\/4123"}],"wp:attachment":[{"href":"https:\/\/medimoro.eu\/sl\/wp-json\/wp\/v2\/media?parent=2318"}],"curies":[{"name":"wp","href":"https:\/\/api.w.org\/{rel}","templated":true}]}}