{"id":2474,"date":"2025-07-23T03:12:42","date_gmt":"2025-07-23T03:12:42","guid":{"rendered":"https:\/\/bookforyou.hr\/?page_id=2474"},"modified":"2026-01-22T10:23:12","modified_gmt":"2026-01-22T10:23:12","slug":"pracenje-dostave","status":"publish","type":"page","link":"https:\/\/medimoro.eu\/sk\/pracenje-dostave\/","title":{"rendered":"Pra\u0107enje dostave"},"content":{"rendered":"<div data-elementor-type=\"wp-page\" data-elementor-id=\"2474\" class=\"elementor elementor-2474\" data-elementor-post-type=\"page\">\n\t\t\t\t<div class=\"elementor-element elementor-element-018413d e-flex e-con-boxed e-con e-parent\" data-id=\"018413d\" data-element_type=\"container\">\n\t\t\t\t\t<div class=\"e-con-inner\">\n\t\t<div class=\"elementor-element elementor-element-472b6c2 e-con-full e-flex e-con e-child\" data-id=\"472b6c2\" data-element_type=\"container\">\n\t\t\t\t<div class=\"elementor-element elementor-element-ad0583e elementor-widget elementor-widget-text-editor\" data-id=\"ad0583e\" data-element_type=\"widget\" data-widget_type=\"text-editor.default\">\n\t\t\t\t\t\t\t\t\t<h3 data-start=\"59\" data-end=\"83\">\ud83d\udce6 Z\u00c1SIELKY<\/h3><p data-start=\"85\" data-end=\"220\">\ud83d\udce6 Dodacia lehota pre fyzick\u00e9 produkty je <strong data-start=\"131\" data-end=\"155\">1 a\u017e 3 pracovn\u00fdch dn\u00ed<\/strong>.<br data-start=\"156\" data-end=\"159\" \/>Dostanete <strong data-start=\"178\" data-end=\"201\">GLS sledovacie \u010d\u00edslo<\/strong> prostredn\u00edctvom SMS a e-mail.<\/p><p data-start=\"222\" data-end=\"337\">\ud83d\udd0d M\u00f4\u017eete zisti\u0165, kde sa v\u00e1\u0161 bal\u00edk pr\u00e1ve nach\u00e1dza tu:<br data-start=\"284\" data-end=\"287\" \/>\ud83d\udc49 <a class=\"decorated-link\" href=\"https:\/\/gls-group.com\/GROUP\/en\/parcel-tracking\/\" target=\"_new\" rel=\"noopener\" data-start=\"290\" data-end=\"337\">https:\/\/gls-group.com\/GROUP\/en\/parcel-tracking\/<\/a><\/p><p data-start=\"465\" data-end=\"519\">\u2753 M\u00e1te ot\u00e1zku? Kontaktujte n\u00e1s na: <strong data-start=\"499\" data-end=\"519\"><a class=\"decorated-link cursor-pointer\" rel=\"noopener\" data-start=\"501\" data-end=\"517\">info@medimoro.eu<\/a><\/strong><\/p>\t\t\t\t\t\t\t\t<\/div>\n\t\t\t\t<\/div>\n\t\t\t\t\t<\/div>\n\t\t\t\t<\/div>\n\t\t\t\t<\/div>","protected":false},"excerpt":{"rendered":"<p>\ud83d\udce6 SHIPMENT TRACKING \ud83d\udce6 The delivery time for physical products is 1 to 3 business days.You will receive a GLS tracking number via SMS and email. \ud83d\udd0d You can check where your package is currently located here:\ud83d\udc49 https:\/\/gls-group.com\/GROUP\/en\/parcel-tracking\/ \u2753 Have a question? Contact us at: info@medimoro.eu<\/p>","protected":false},"author":1,"featured_media":0,"parent":0,"menu_order":0,"comment_status":"closed","ping_status":"closed","template":"elementor_header_footer","meta":{"_themeisle_gutenberg_block_has_review":false,"footnotes":""},"class_list":["post-2474","page","type-page","status-publish","hentry"],"blocksy_meta":[],"_links":{"self":[{"href":"https:\/\/medimoro.eu\/sk\/wp-json\/wp\/v2\/pages\/2474","targetHints":{"allow":["GET"]}}],"collection":[{"href":"https:\/\/medimoro.eu\/sk\/wp-json\/wp\/v2\/pages"}],"about":[{"href":"https:\/\/medimoro.eu\/sk\/wp-json\/wp\/v2\/types\/page"}],"author":[{"embeddable":true,"href":"https:\/\/medimoro.eu\/sk\/wp-json\/wp\/v2\/users\/1"}],"replies":[{"embeddable":true,"href":"https:\/\/medimoro.eu\/sk\/wp-json\/wp\/v2\/comments?post=2474"}],"version-history":[{"count":25,"href":"https:\/\/medimoro.eu\/sk\/wp-json\/wp\/v2\/pages\/2474\/revisions"}],"predecessor-version":[{"id":3783,"href":"https:\/\/medimoro.eu\/sk\/wp-json\/wp\/v2\/pages\/2474\/revisions\/3783"}],"wp:attachment":[{"href":"https:\/\/medimoro.eu\/sk\/wp-json\/wp\/v2\/media?parent=2474"}],"curies":[{"name":"wp","href":"https:\/\/api.w.org\/{rel}","templated":true}]}}