{"id":3784,"date":"2026-01-22T12:18:45","date_gmt":"2026-01-22T12:18:45","guid":{"rendered":"https:\/\/medimoro.eu\/?post_type=product&#038;p=3784"},"modified":"2026-02-13T08:05:11","modified_gmt":"2026-02-13T08:05:11","slug":"orthopedic-insoles-medimoro-active-pro","status":"publish","type":"product","link":"https:\/\/medimoro.eu\/hr\/proizvod\/orthopedic-insoles-medimoro-active-pro\/","title":{"rendered":"Ortopedski vlo\u017eki MEDIMORO ACTIVE PRO (par)"},"content":{"rendered":"","protected":false},"excerpt":{"rendered":"<h2>\ud83e\uddb6 MEDIMORO ACTIVE PRO \u2013 ortopedski vlo\u017eki za celodnevno udobje<\/h2>\n<p><strong>Ortopedski vlo\u017eki MEDIMORO ACTIVE PRO<\/strong> so zasnovani za maksimalno udobje<br \/>\nin zanesljivo podporo stopalom \ud83d\udc5f. Omogo\u010dajo ve\u010djo stabilnost pri hoji ali teku ter<br \/>\nob\u010dutno zmanj\u0161ajo pritisk na stopala in pete, kar pomeni manj utrujenosti in la\u017eji,<br \/>\nudobnej\u0161i korak.<\/p>\n<p>\u2728 Idealni so za <strong>dolgotrajno no\u0161enje<\/strong>, \u0161e posebej za vse, ki veliko stojijo<br \/>\nali so ves \u010das v gibanju. Popolna izbira za vsakogar, ki \u017eeli bolj udoben korak,<br \/>\nmanj obremenitve stopal in bolj\u0161e po\u010dutje skozi ves dan.<\/p>\n<p>\u2728 <strong>Posebna mehka EVA pena in gel tehnologija<\/strong> u\u010dinkovito bla\u017eita udarce,<br \/>\nzmanj\u0161ujeta pritisk ter zagotavljata udoben korak v skoraj vseh vrstah obutve.<\/p>\n<p>&nbsp;<\/p>\n<p>&nbsp;<\/p>\n<p>\u200e \u200e \u200e \u200e \u200e \u200e\u3164\u3164\u3164\u3164\u3164\u3164\u3164\u3164\u3164\u3164\u3164\u3164\u3164\u3164\u3164\u3164\u3164\u3164\u3164\u3164\u3164\u3164\u3164\u3164\u3164\u3164\u3164\u3164\u3164\u3164\u3164\u3164\u3164\u3164\u3164\u3164\u3164\u3164\u3164\u3164\u3164\u3164\u3164\u3164\u3164\u3164\u3164\u3164\u3164\u3164\u3164\u3164\u3164\u3164\u3164\u3164\u3164\u3164\u3164\u3164\u3164\u3164<\/p>\n<h3>\u2705 Klju\u010dne prednosti<\/h3>\n<ul>\n<li>Zagotavljajo stabilnost in zanesljivo oporo stopalom<\/li>\n<li>Zmanj\u0161ujejo pritisk na stopala in pete pri hoji<\/li>\n<li>Pove\u010dajo udobje v skoraj vseh vrstah obutve<\/li>\n<li>Odli\u010dni pri petnem trnu ali bole\u010dinah v stopalih in Ahilovi tetivi \u2013 pomagajo zmanj\u0161ati bole\u010dine in olaj\u0161ajo hojo<\/li>\n<li>Zelo priljubljeni med delavci in \u0161portniki, ki veliko \u010dasa pre\u017eivijo na nogah<\/li>\n<li>Idealni za dolgotrajno stanje ali hojo brez ob\u010dutka utrujenosti<\/li>\n<li>Enostavno jih prire\u017eete na ustrezno velikost<\/li>\n<\/ul>\n<h3>\ud83d\udee0\ufe0f Navodila za uporabo<\/h3>\n<p>Iz \u010devljev odstranite originalne vlo\u017eke in vstavite<br \/>\n<strong>ortopedske vlo\u017eke MEDIMORO ACTIVE PRO<\/strong>.<br \/>\n\u010ce so vlo\u017eki preveliki, jih lahko<br \/>\n<strong>preprosto prire\u017eete s \u0161karjami \u2702\ufe0f<\/strong> na \u017eeleno velikost.<\/p>\n<p>&nbsp;<\/p>\n<h3>\ud83e\uddf5 Materiali<\/h3>\n<ul>\n<li>Zra\u010dna mre\u017easta tkanina \ud83c\udf2c\ufe0f<\/li>\n<li>EVA pena (etilen-vinil acetat) in gel<\/li>\n<li>Ko\u017ei prijazni materiali, primerni za neposreden stik \ud83d\udc4d<\/li>\n<\/ul>\n<p>\u200e<\/p>","protected":false},"featured_media":3803,"comment_status":"open","ping_status":"closed","template":"","meta":{"_themeisle_gutenberg_block_has_review":false},"product_brand":[],"product_cat":[55],"product_tag":[60],"class_list":{"0":"post-3784","1":"product","2":"type-product","3":"status-publish","4":"has-post-thumbnail","6":"product_cat-insoles","7":"product_tag-medimoro-active-pro","9":"first","10":"instock","11":"sale","12":"shipping-taxable","13":"purchasable","14":"product-type-variable","15":"has-default-attributes"},"_links":{"self":[{"href":"https:\/\/medimoro.eu\/hr\/wp-json\/wp\/v2\/product\/3784","targetHints":{"allow":["GET"]}}],"collection":[{"href":"https:\/\/medimoro.eu\/hr\/wp-json\/wp\/v2\/product"}],"about":[{"href":"https:\/\/medimoro.eu\/hr\/wp-json\/wp\/v2\/types\/product"}],"replies":[{"embeddable":true,"href":"https:\/\/medimoro.eu\/hr\/wp-json\/wp\/v2\/comments?post=3784"}],"version-history":[{"count":12,"href":"https:\/\/medimoro.eu\/hr\/wp-json\/wp\/v2\/product\/3784\/revisions"}],"predecessor-version":[{"id":4082,"href":"https:\/\/medimoro.eu\/hr\/wp-json\/wp\/v2\/product\/3784\/revisions\/4082"}],"wp:featuredmedia":[{"embeddable":true,"href":"https:\/\/medimoro.eu\/hr\/wp-json\/wp\/v2\/media\/3803"}],"wp:attachment":[{"href":"https:\/\/medimoro.eu\/hr\/wp-json\/wp\/v2\/media?parent=3784"}],"wp:term":[{"taxonomy":"product_brand","embeddable":true,"href":"https:\/\/medimoro.eu\/hr\/wp-json\/wp\/v2\/product_brand?post=3784"},{"taxonomy":"product_cat","embeddable":true,"href":"https:\/\/medimoro.eu\/hr\/wp-json\/wp\/v2\/product_cat?post=3784"},{"taxonomy":"product_tag","embeddable":true,"href":"https:\/\/medimoro.eu\/hr\/wp-json\/wp\/v2\/product_tag?post=3784"}],"curies":[{"name":"wp","href":"https:\/\/api.w.org\/{rel}","templated":true}]}}